{"id":1248,"date":"2024-05-14T06:59:01","date_gmt":"2024-05-14T06:59:01","guid":{"rendered":"https:\/\/fisioterapiamireiavidal.com\/?page_id=1248"},"modified":"2024-08-13T17:15:42","modified_gmt":"2024-08-13T17:15:42","slug":"politica-de-cookies","status":"publish","type":"page","link":"https:\/\/fisioterapiamireiavidal.com\/ca\/politica-de-cookies\/","title":{"rendered":"Pol\u00edtica de Cookies"},"content":{"rendered":"<div id=\"cookiefirst-policy-page\">\n<div>\n<div id=\"cookiefirst-policy-page\">\n<div class=\"cookiefirst-cookie-declaration\" dir=\"ltr\" lang=\"es\">\n<p><strong>Actualizado:<\/strong>\u00a02\/11\/2023, 12:43<\/p>\n<h2>\u00bfQu\u00e9 son las cookies?<\/h2>\n<div class=\"cfEa3L\">\n<p>Las cookies y tecnolog\u00edas similares son documentos de texto muy peque\u00f1os o fragmentos de c\u00f3digo que a menudo contienen un c\u00f3digo de identificaci\u00f3n \u00fanico. Cuando visitas un sitio web o utilizas una aplicaci\u00f3n m\u00f3vil, un ordenador le pide permiso a tu ordenador o dispositivo m\u00f3vil para guardar este archivo en tu ordenador o dispositivo m\u00f3vil y obtener acceso a la informaci\u00f3n. La informaci\u00f3n recopilada a trav\u00e9s de cookies y tecnolog\u00edas similares puede incluir la fecha y hora de la visita y la forma en que utilizas un sitio web o una aplicaci\u00f3n m\u00f3vil en particular.<\/p>\n<\/div>\n<h2>Por qu\u00e9 utilizamos cookies?<\/h2>\n<div class=\"cfEa3L\">\n<p>Las cookies aseguran que durante tu visita a nuestra tienda en l\u00ednea permanezcas conectado, que todos los art\u00edculos permanezcan almacenados en tu carrito de compras, que puedas comprar de forma segura y que el sitio web siga funcionando sin problemas. Las cookies tambi\u00e9n aseguran que podamos ver c\u00f3mo se utiliza nuestro sitio web y c\u00f3mo podemos mejorarlo. Adem\u00e1s, dependiendo de tus preferencias, nuestras propias cookies pueden ser utilizadas para presentarte anuncios espec\u00edficos que coincidan con tus intereses personales.<\/p>\n<\/div>\n<h2>\u00bfQu\u00e9 tipo de cookies utilizamos?<\/h2>\n<h3>Cookies necesarias<\/h3>\n<div class=\"cfEa3L\">\n<p>Estas cookies son necesarias para que el sitio web funcione correctamente. Algunas de las siguientes acciones se pueden realizar utilizando estas cookies: &#8211; Almacenar art\u00edculos en un carrito de compras para compras en l\u00ednea &#8211; Guardar tus preferencias de cookies para este sitio web &#8211; Guardar preferencias de idioma &#8211; Iniciar sesi\u00f3n en nuestro portal. Tenemos que comprobar si has iniciado sesi\u00f3n.<\/p>\n<\/div>\n<h3>Cookies funcionales<\/h3>\n<div class=\"cfEa3L\">\n<p>Estas cookies permiten una mayor funcionalidad para los visitantes de nuestro sitio web. Estas cookies pueden ser establecidas por nuestros proveedores de servicios externos o por nuestro propio sitio web. Las siguientes funcionalidades pueden o no ser activadas cuando aceptes esta categor\u00eda.<br \/>\n&#8211; Servicios de chat en vivo &#8211; Ver videos en l\u00ednea &#8211; Botones para compartir redes sociales &#8211; Iniciar sesi\u00f3n en nuestro sitio web con redes sociales.<\/p>\n<\/div>\n<h2>\u00bfC\u00f3mo puedo desactivar o eliminar las cookies?<\/h2>\n<div class=\"cfEa3L\">\n<p>Puedes optar por no utilizar todas las cookies, excepto las necesarias. En la configuraci\u00f3n del navegador, puedes cambiar la configuraci\u00f3n para asegurarte de que se bloqueen las cookies. La mayor\u00eda de los navegadores te ofrecen una explicaci\u00f3n sobre c\u00f3mo hacerlo en la llamada&#8217;funci\u00f3n de ayuda&#8217;. Sin embargo, si bloqueas las cookies, es posible que no puedas disfrutar de todas las caracter\u00edsticas t\u00e9cnicas que nuestro sitio web tiene para ofrecer y puede afectar negativamente a tu experiencia de usuario.<\/p>\n<\/div>\n<div class=\"cfEa3L\">\n<p>Hemos facilitado la gesti\u00f3n de tus consentimientos.<\/p>\n<\/div>\n<p>&nbsp;<\/p>\n<\/div>\n<\/div>\n<\/div>\n<p>Esta es tu identificaci\u00f3n \u00fanica:<\/p>\n<p><strong>07534b9e-2630-43cb-f6c2-5c6b0c890e79<\/strong><\/p>\n<p>Si deseas ver su historia de consentimientos, ponte en contacto con el administrador del sitio web.<\/p>\n<p>Tu \u00faltimo cambio de consentimiento se ha registrado en: <strong>8\/11\/2023, 20:13<\/strong><\/p>\n<div dir=\"ltr\">\n<h2>Las cookies que utilizamos en nuestro sitio web<\/h2>\n<p><strong>Actualizado:<\/strong>\u00a02\/11\/2023, 12:43<\/p>\n<div class=\"cf1tXD\">\n<div class=\"cf1Hdl\">\n<div class=\"cookiefirst-root notranslate\" dir=\"ltr\" lang=\"es\" translate=\"yes\"><\/div>\n<table class=\"cf1M40 cf2OTb table-sm\">\n<tbody>\n<tr>\n<td colspan=\"5\">\n<h4>Necesarias<\/h4>\n<\/td>\n<\/tr>\n<tr>\n<th scope=\"col\">Nombre<\/th>\n<th scope=\"col\">Prop\u00f3sito<\/th>\n<th scope=\"col\">Nombre de dominio<\/th>\n<th scope=\"col\">Caducidad<\/th>\n<th scope=\"col\">Proveedor<\/th>\n<th scope=\"col\">Tipo<\/th>\n<\/tr>\n<tr>\n<th scope=\"row\">cookiefirst-consent<\/th>\n<td>Esta cookie guarda sus preferencias de cookies para este sitio web. Usted puede cambiarlos o retirar su consentimiento f\u00e1cilmente.<\/td>\n<td>conductosboi.com<\/td>\n<td>un a\u00f1o<\/td>\n<td><a href=\"https:\/\/cookiefirst.com\/legal\/data-processing-agreement\/\" target=\"_blank\" rel=\"noopener noreferrer\">Cookie First<\/a><\/td>\n<th scope=\"col\">Cookie<\/th>\n<\/tr>\n<tr>\n<th scope=\"row\">cookiefirst-consent<\/th>\n<td>Esta cookie guarda sus preferencias de cookies para este sitio web. Usted puede cambiarlos o retirar su consentimiento f\u00e1cilmente.<\/td>\n<td>conductosboi.com<\/td>\n<td>Persistente<\/td>\n<td><a href=\"https:\/\/cookiefirst.com\/legal\/data-processing-agreement\/\" target=\"_blank\" rel=\"noopener noreferrer\">Cookie First<\/a><\/td>\n<th scope=\"col\">Almacenamiento local<\/th>\n<\/tr>\n<tr>\n<th scope=\"row\">cookiefirst-id<\/th>\n<td>Esta cookie contiene su identificaci\u00f3n \u00fanica para que CookieFirst pueda identificar a los visitantes \u00fanicos de este sitio web.<\/td>\n<td>conductosboi.com<\/td>\n<td>Persistente<\/td>\n<td><a href=\"https:\/\/cookiefirst.com\/legal\/data-processing-agreement\/\" target=\"_blank\" rel=\"noopener noreferrer\">Cookie First<\/a><\/td>\n<th scope=\"col\">Almacenamiento local<\/th>\n<\/tr>\n<tr>\n<td colspan=\"5\">\n<h4>Funcionales<\/h4>\n<\/td>\n<\/tr>\n<tr>\n<th scope=\"col\">Nombre<\/th>\n<th scope=\"col\">Prop\u00f3sito<\/th>\n<th scope=\"col\">Nombre de dominio<\/th>\n<th scope=\"col\">Caducidad<\/th>\n<th scope=\"col\">Proveedor<\/th>\n<th scope=\"col\">Tipo<\/th>\n<\/tr>\n<tr>\n<th scope=\"row\">wp-wpml_current_language<\/th>\n<td>Esta cookie se utiliza para almacenar la configuraci\u00f3n de idioma del usuario.<\/td>\n<td>conductosboi.com<\/td>\n<td>Sesi\u00f3n<\/td>\n<td><\/td>\n<th scope=\"col\">Cookie<\/th>\n<\/tr>\n<\/tbody>\n<\/table>\n<\/div>\n<\/div>\n<\/div>\n<\/div>\n<div><\/div>\n<div>\n<div id=\"cookiefirst-policy-page\"><\/div>\n<div>Esta pol\u00edtica de cookies ha sido creada y actualizada por <a href=\"https:\/\/cookiefirst.com\/es\/politica-de-cookies\/\">Politica de Cookies<\/a>.<\/div>\n<\/div>\n<p><!--more--><\/p>\n","protected":false},"excerpt":{"rendered":"<p>Actualizado:\u00a02\/11\/2023, 12:43 \u00bfQu\u00e9 son las cookies? Las cookies y tecnolog\u00edas similares son documentos de texto muy peque\u00f1os o fragmentos de c\u00f3digo que a menudo contienen un c\u00f3digo de identificaci\u00f3n \u00fanico. Cuando visitas un sitio web o utilizas una aplicaci\u00f3n m\u00f3vil, un ordenador le pide permiso a tu ordenador o dispositivo m\u00f3vil para guardar este archivo [&hellip;]<\/p>\n","protected":false},"author":1,"featured_media":0,"parent":0,"menu_order":0,"comment_status":"closed","ping_status":"closed","template":"","meta":{"footnotes":""},"class_list":["post-1248","page","type-page","status-publish","hentry"],"yoast_head":"<!-- This site is optimized with the Yoast SEO plugin v26.1.1 - https:\/\/yoast.com\/wordpress\/plugins\/seo\/ -->\n<title>Pol\u00edtica de Cookies - Fisioter\u00e0pia Mireia Vidal<\/title>\n<meta name=\"robots\" content=\"index, follow, max-snippet:-1, max-image-preview:large, max-video-preview:-1\" \/>\n<link rel=\"canonical\" href=\"https:\/\/fisioterapiamireiavidal.com\/ca\/politica-de-cookies\/\" \/>\n<meta property=\"og:locale\" content=\"ca_ES\" \/>\n<meta property=\"og:type\" content=\"article\" \/>\n<meta property=\"og:title\" content=\"Pol\u00edtica de Cookies - Fisioter\u00e0pia Mireia Vidal\" \/>\n<meta property=\"og:description\" content=\"Actualizado:\u00a02\/11\/2023, 12:43 \u00bfQu\u00e9 son las cookies? Las cookies y tecnolog\u00edas similares son documentos de texto muy peque\u00f1os o fragmentos de c\u00f3digo que a menudo contienen un c\u00f3digo de identificaci\u00f3n \u00fanico. Cuando visitas un sitio web o utilizas una aplicaci\u00f3n m\u00f3vil, un ordenador le pide permiso a tu ordenador o dispositivo m\u00f3vil para guardar este archivo [&hellip;]\" \/>\n<meta property=\"og:url\" content=\"https:\/\/fisioterapiamireiavidal.com\/ca\/politica-de-cookies\/\" \/>\n<meta property=\"og:site_name\" content=\"Fisioter\u00e0pia Mireia Vidal\" \/>\n<meta property=\"article:modified_time\" content=\"2024-08-13T17:15:42+00:00\" \/>\n<meta name=\"twitter:card\" content=\"summary_large_image\" \/>\n<meta name=\"twitter:label1\" content=\"Temps estimat de lectura\" \/>\n\t<meta name=\"twitter:data1\" content=\"4 minuts\" \/>\n<script type=\"application\/ld+json\" class=\"yoast-schema-graph\">{\"@context\":\"https:\/\/schema.org\",\"@graph\":[{\"@type\":\"WebPage\",\"@id\":\"https:\/\/fisioterapiamireiavidal.com\/ca\/politica-de-cookies\/\",\"url\":\"https:\/\/fisioterapiamireiavidal.com\/ca\/politica-de-cookies\/\",\"name\":\"Pol\u00edtica de Cookies - Fisioter\u00e0pia Mireia Vidal\",\"isPartOf\":{\"@id\":\"https:\/\/fisioterapiamireiavidal.com\/ca\/#website\"},\"datePublished\":\"2024-05-14T06:59:01+00:00\",\"dateModified\":\"2024-08-13T17:15:42+00:00\",\"breadcrumb\":{\"@id\":\"https:\/\/fisioterapiamireiavidal.com\/ca\/politica-de-cookies\/#breadcrumb\"},\"inLanguage\":\"ca\",\"potentialAction\":[{\"@type\":\"ReadAction\",\"target\":[\"https:\/\/fisioterapiamireiavidal.com\/ca\/politica-de-cookies\/\"]}]},{\"@type\":\"BreadcrumbList\",\"@id\":\"https:\/\/fisioterapiamireiavidal.com\/ca\/politica-de-cookies\/#breadcrumb\",\"itemListElement\":[{\"@type\":\"ListItem\",\"position\":1,\"name\":\"Inici\",\"item\":\"https:\/\/fisioterapiamireiavidal.com\/ca\/\"},{\"@type\":\"ListItem\",\"position\":2,\"name\":\"Pol\u00edtica de Cookies\"}]},{\"@type\":\"WebSite\",\"@id\":\"https:\/\/fisioterapiamireiavidal.com\/ca\/#website\",\"url\":\"https:\/\/fisioterapiamireiavidal.com\/ca\/\",\"name\":\"Fisioter\u00e0pia Mireia Vidal\",\"description\":\"Oferim tractaments personalitzats, ideats i duts a terme per fisioterapeutes col\u2022legiats.\",\"publisher\":{\"@id\":\"https:\/\/fisioterapiamireiavidal.com\/ca\/#organization\"},\"potentialAction\":[{\"@type\":\"SearchAction\",\"target\":{\"@type\":\"EntryPoint\",\"urlTemplate\":\"https:\/\/fisioterapiamireiavidal.com\/ca\/?s={search_term_string}\"},\"query-input\":{\"@type\":\"PropertyValueSpecification\",\"valueRequired\":true,\"valueName\":\"search_term_string\"}}],\"inLanguage\":\"ca\"},{\"@type\":\"Organization\",\"@id\":\"https:\/\/fisioterapiamireiavidal.com\/ca\/#organization\",\"name\":\"Fisioter\u00e0pia Mireia Vidal\",\"url\":\"https:\/\/fisioterapiamireiavidal.com\/ca\/\",\"logo\":{\"@type\":\"ImageObject\",\"inLanguage\":\"ca\",\"@id\":\"https:\/\/fisioterapiamireiavidal.com\/ca\/#\/schema\/logo\/image\/\",\"url\":\"https:\/\/fisioterapiamireiavidal.com\/wp-content\/uploads\/2024\/05\/logo_mireiavidal_vertical.svg\",\"contentUrl\":\"https:\/\/fisioterapiamireiavidal.com\/wp-content\/uploads\/2024\/05\/logo_mireiavidal_vertical.svg\",\"width\":1,\"height\":1,\"caption\":\"Fisioter\u00e0pia Mireia Vidal\"},\"image\":{\"@id\":\"https:\/\/fisioterapiamireiavidal.com\/ca\/#\/schema\/logo\/image\/\"}}]}<\/script>\n<!-- \/ Yoast SEO plugin. -->","yoast_head_json":{"title":"Pol\u00edtica de Cookies - Fisioter\u00e0pia Mireia Vidal","robots":{"index":"index","follow":"follow","max-snippet":"max-snippet:-1","max-image-preview":"max-image-preview:large","max-video-preview":"max-video-preview:-1"},"canonical":"https:\/\/fisioterapiamireiavidal.com\/ca\/politica-de-cookies\/","og_locale":"ca_ES","og_type":"article","og_title":"Pol\u00edtica de Cookies - Fisioter\u00e0pia Mireia Vidal","og_description":"Actualizado:\u00a02\/11\/2023, 12:43 \u00bfQu\u00e9 son las cookies? Las cookies y tecnolog\u00edas similares son documentos de texto muy peque\u00f1os o fragmentos de c\u00f3digo que a menudo contienen un c\u00f3digo de identificaci\u00f3n \u00fanico. Cuando visitas un sitio web o utilizas una aplicaci\u00f3n m\u00f3vil, un ordenador le pide permiso a tu ordenador o dispositivo m\u00f3vil para guardar este archivo [&hellip;]","og_url":"https:\/\/fisioterapiamireiavidal.com\/ca\/politica-de-cookies\/","og_site_name":"Fisioter\u00e0pia Mireia Vidal","article_modified_time":"2024-08-13T17:15:42+00:00","twitter_card":"summary_large_image","twitter_misc":{"Temps estimat de lectura":"4 minuts"},"schema":{"@context":"https:\/\/schema.org","@graph":[{"@type":"WebPage","@id":"https:\/\/fisioterapiamireiavidal.com\/ca\/politica-de-cookies\/","url":"https:\/\/fisioterapiamireiavidal.com\/ca\/politica-de-cookies\/","name":"Pol\u00edtica de Cookies - Fisioter\u00e0pia Mireia Vidal","isPartOf":{"@id":"https:\/\/fisioterapiamireiavidal.com\/ca\/#website"},"datePublished":"2024-05-14T06:59:01+00:00","dateModified":"2024-08-13T17:15:42+00:00","breadcrumb":{"@id":"https:\/\/fisioterapiamireiavidal.com\/ca\/politica-de-cookies\/#breadcrumb"},"inLanguage":"ca","potentialAction":[{"@type":"ReadAction","target":["https:\/\/fisioterapiamireiavidal.com\/ca\/politica-de-cookies\/"]}]},{"@type":"BreadcrumbList","@id":"https:\/\/fisioterapiamireiavidal.com\/ca\/politica-de-cookies\/#breadcrumb","itemListElement":[{"@type":"ListItem","position":1,"name":"Inici","item":"https:\/\/fisioterapiamireiavidal.com\/ca\/"},{"@type":"ListItem","position":2,"name":"Pol\u00edtica de Cookies"}]},{"@type":"WebSite","@id":"https:\/\/fisioterapiamireiavidal.com\/ca\/#website","url":"https:\/\/fisioterapiamireiavidal.com\/ca\/","name":"Fisioter\u00e0pia Mireia Vidal","description":"Oferim tractaments personalitzats, ideats i duts a terme per fisioterapeutes col\u2022legiats.","publisher":{"@id":"https:\/\/fisioterapiamireiavidal.com\/ca\/#organization"},"potentialAction":[{"@type":"SearchAction","target":{"@type":"EntryPoint","urlTemplate":"https:\/\/fisioterapiamireiavidal.com\/ca\/?s={search_term_string}"},"query-input":{"@type":"PropertyValueSpecification","valueRequired":true,"valueName":"search_term_string"}}],"inLanguage":"ca"},{"@type":"Organization","@id":"https:\/\/fisioterapiamireiavidal.com\/ca\/#organization","name":"Fisioter\u00e0pia Mireia Vidal","url":"https:\/\/fisioterapiamireiavidal.com\/ca\/","logo":{"@type":"ImageObject","inLanguage":"ca","@id":"https:\/\/fisioterapiamireiavidal.com\/ca\/#\/schema\/logo\/image\/","url":"https:\/\/fisioterapiamireiavidal.com\/wp-content\/uploads\/2024\/05\/logo_mireiavidal_vertical.svg","contentUrl":"https:\/\/fisioterapiamireiavidal.com\/wp-content\/uploads\/2024\/05\/logo_mireiavidal_vertical.svg","width":1,"height":1,"caption":"Fisioter\u00e0pia Mireia Vidal"},"image":{"@id":"https:\/\/fisioterapiamireiavidal.com\/ca\/#\/schema\/logo\/image\/"}}]}},"_links":{"self":[{"href":"https:\/\/fisioterapiamireiavidal.com\/ca\/wp-json\/wp\/v2\/pages\/1248","targetHints":{"allow":["GET"]}}],"collection":[{"href":"https:\/\/fisioterapiamireiavidal.com\/ca\/wp-json\/wp\/v2\/pages"}],"about":[{"href":"https:\/\/fisioterapiamireiavidal.com\/ca\/wp-json\/wp\/v2\/types\/page"}],"author":[{"embeddable":true,"href":"https:\/\/fisioterapiamireiavidal.com\/ca\/wp-json\/wp\/v2\/users\/1"}],"replies":[{"embeddable":true,"href":"https:\/\/fisioterapiamireiavidal.com\/ca\/wp-json\/wp\/v2\/comments?post=1248"}],"version-history":[{"count":4,"href":"https:\/\/fisioterapiamireiavidal.com\/ca\/wp-json\/wp\/v2\/pages\/1248\/revisions"}],"predecessor-version":[{"id":1886,"href":"https:\/\/fisioterapiamireiavidal.com\/ca\/wp-json\/wp\/v2\/pages\/1248\/revisions\/1886"}],"wp:attachment":[{"href":"https:\/\/fisioterapiamireiavidal.com\/ca\/wp-json\/wp\/v2\/media?parent=1248"}],"curies":[{"name":"wp","href":"https:\/\/api.w.org\/{rel}","templated":true}]}}