{"id":1196,"date":"2024-05-13T13:23:53","date_gmt":"2024-05-13T13:23:53","guid":{"rendered":"https:\/\/fisioterapiamireiavidal.com\/?page_id=1196"},"modified":"2024-05-16T11:20:48","modified_gmt":"2024-05-16T11:20:48","slug":"psiconeuroinmunologia","status":"publish","type":"page","link":"https:\/\/fisioterapiamireiavidal.com\/ca\/que-utilitzem\/psiconeuroinmunologia\/","title":{"rendered":"Psiconeuroinmunologia"},"content":{"rendered":"<h1>Psiconeuroinmunologia<\/h1>\n<div>Tractament a trav\u00e9s dels aliments, la suplementaci\u00f3 i l\u2019activitat f\u00edsica<\/div>\n<div>\n<p>La Psiconeuroinmunologia (PNI) \u00e9s un tractament a trav\u00e9s dels aliments, la suplementaci\u00f3 i l&#8217;activitat f\u00edsica, per recuperar l&#8217;equilibri perdut. Indicat per adults i nens.<\/p>\n<p>Bronquitis, asma fibromi\u00e0lgia, dolor cr\u00f2nic, artrosi, artritis reumatoide, alteracions menstruaci\u00f3, dolor menstruaci\u00f3, trastorns hormonals, menopausa, an\u00e8mia, hiperactivitat, osteoporosis, cefalees, migranyes, alteracions de la pell ( acne ), depressi\u00f3.<\/p>\n<\/div>\n<blockquote>\n<p>\u201cCada cos \u00e9s diferent. Per tant, cada rehabilitaci\u00f3 ha de ser diferent\u201d<\/p>\n<footer>\n<p>                <cite>Joerg Teichmann<\/cite><\/p>\n<\/footer>\n<\/blockquote>\n<p><img decoding=\"async\" src=\"\/mireiavidal\/wp-content\/uploads\/2024\/05\/psicoinmunologia.jpg\" alt=\"Imatge representativa de la Psiconeuroinmunologia\"><\/p>\n<p><!--more--><br \/>\n<!-- {\"type\":\"layout\",\"children\":[{\"name\":\"About\",\"type\":\"section\",\"props\":{\"image_effect\":\"parallax\",\"image_parallax_bgx\":\"80,80\",\"image_parallax_easing\":\"1\",\"image_position\":\"bottom-right\",\"image_width\":\"350\",\"padding_remove_bottom\":true,\"style\":\"default\",\"title_breakpoint\":\"xl\",\"title_position\":\"center-right\",\"title_rotation\":\"left\",\"vertical_align\":\"middle\",\"width\":\"default\"},\"children\":[{\"type\":\"row\",\"props\":{\"column_gap\":\"small\",\"layout\":\"1-2,1-2\",\"match\":false,\"row_gap\":\"small\",\"vertical_align\":false},\"children\":[{\"type\":\"column\",\"props\":{\"image_position\":\"center-center\",\"position_sticky_breakpoint\":\"m\",\"width_medium\":\"1-2\"},\"children\":[{\"type\":\"headline\",\"props\":{\"content\":\"Psiconeuroinmunologia\",\"css\":\".el-element{\\n\\toverflow-wrap: anywhere;\\n}\",\"title_color\":\"primary\",\"title_decoration\":\"line\",\"title_element\":\"h1\",\"title_style\":\"h1\"}},{\"type\":\"headline\",\"props\":{\"content\":\"Tractament a trav\\u00e9s dels aliments, la suplementaci\\u00f3 i l\\u2019activitat f\\u00edsica\",\"margin\":\"remove-vertical\",\"title_decoration\":\"bullet\",\"title_element\":\"div\",\"title_style\":\"text-meta\"}},{\"type\":\"text\",\"props\":{\"column_breakpoint\":\"m\",\"content\":\"\n\n<p>La Psiconeuroinmunologia (PNI) \\u00e9s un tractament a trav\\u00e9s dels aliments, la suplementaci\\u00f3 i l'activitat f\\u00edsica, per recuperar l'equilibri perdut. Indicat per adults i nens.<\\\/p>\\n\n\n<p>Bronquitis, asma fibromi\\u00e0lgia, dolor cr\\u00f2nic, artrosi, artritis reumatoide, alteracions menstruaci\\u00f3, dolor menstruaci\\u00f3, trastorns hormonals, menopausa, an\\u00e8mia, hiperactivitat, osteoporosis, cefalees, migranyes, alteracions de la pell ( acne ), depressi\\u00f3.<\\\/p>\",\"margin\":\"large\",\"maxwidth\":\"xlarge\"}},{\"type\":\"quotation\",\"props\":{\"author\":\"Joerg Teichmann\",\"content\":\"\n\n<p>\\u201cCada cos \\u00e9s diferent. Per tant, cada rehabilitaci\\u00f3 ha de ser diferent\\u201d<\\\/p>\",\"margin_remove_top\":false,\"maxwidth\":\"large\"}}]},{\"type\":\"column\",\"props\":{\"image\":\"wp-content\\\/uploads\\\/pattern.svg\",\"image_effect\":\"parallax\",\"image_parallax_bgy\":\"-60,-50\",\"image_parallax_easing\":\"1\",\"image_position\":\"bottom-left\",\"image_width\":\"350\",\"media_visibility\":\"m\",\"position_sticky_breakpoint\":\"m\",\"width_medium\":\"1-2\"},\"children\":[{\"type\":\"image\",\"props\":{\"animation\":\"parallax\",\"image\":\"wp-content\\\/uploads\\\/2024\\\/05\\\/psicoinmunologia.jpg\",\"image_alt\":\"Imatge representativa de la Psiconeuroinmunologia\",\"image_height\":609,\"image_svg_color\":\"emphasis\",\"image_width\":\"420\",\"margin\":\"\",\"parallax_breakpoint\":\"m\",\"parallax_easing\":\"1\",\"parallax_y\":\"-70,0\",\"text_align\":\"right\",\"text_align_breakpoint\":\"m\"}}]}]}]}],\"version\":\"4.3.13\"} --><\/p>\n","protected":false},"excerpt":{"rendered":"<p>Psiconeuroinmunologia Tractament a trav\u00e9s dels aliments, la suplementaci\u00f3 i l\u2019activitat f\u00edsica La Psiconeuroinmunologia (PNI) \u00e9s un tractament a trav\u00e9s dels aliments, la suplementaci\u00f3 i l&#8217;activitat f\u00edsica, per recuperar l&#8217;equilibri perdut. Indicat per adults i nens. Bronquitis, asma fibromi\u00e0lgia, dolor cr\u00f2nic, artrosi, artritis reumatoide, alteracions menstruaci\u00f3, dolor menstruaci\u00f3, trastorns hormonals, menopausa, an\u00e8mia, hiperactivitat, osteoporosis, cefalees, migranyes, [&hellip;]<\/p>\n","protected":false},"author":1,"featured_media":1221,"parent":1095,"menu_order":0,"comment_status":"closed","ping_status":"closed","template":"","meta":{"footnotes":""},"class_list":["post-1196","page","type-page","status-publish","has-post-thumbnail","hentry"],"yoast_head":"<!-- This site is optimized with the Yoast SEO plugin v26.1.1 - https:\/\/yoast.com\/wordpress\/plugins\/seo\/ -->\n<title>Psiconeuroinmunologia - Fisioter\u00e0pia Mireia Vidal<\/title>\n<meta name=\"robots\" content=\"index, follow, max-snippet:-1, max-image-preview:large, max-video-preview:-1\" \/>\n<link rel=\"canonical\" href=\"https:\/\/fisioterapiamireiavidal.com\/ca\/que-utilitzem\/psiconeuroinmunologia\/\" \/>\n<meta property=\"og:locale\" content=\"ca_ES\" \/>\n<meta property=\"og:type\" content=\"article\" \/>\n<meta property=\"og:title\" content=\"Psiconeuroinmunologia - Fisioter\u00e0pia Mireia Vidal\" \/>\n<meta property=\"og:description\" content=\"Psiconeuroinmunologia Tractament a trav\u00e9s dels aliments, la suplementaci\u00f3 i l\u2019activitat f\u00edsica La Psiconeuroinmunologia (PNI) \u00e9s un tractament a trav\u00e9s dels aliments, la suplementaci\u00f3 i l&#8217;activitat f\u00edsica, per recuperar l&#8217;equilibri perdut. Indicat per adults i nens. Bronquitis, asma fibromi\u00e0lgia, dolor cr\u00f2nic, artrosi, artritis reumatoide, alteracions menstruaci\u00f3, dolor menstruaci\u00f3, trastorns hormonals, menopausa, an\u00e8mia, hiperactivitat, osteoporosis, cefalees, migranyes, [&hellip;]\" \/>\n<meta property=\"og:url\" content=\"https:\/\/fisioterapiamireiavidal.com\/ca\/que-utilitzem\/psiconeuroinmunologia\/\" \/>\n<meta property=\"og:site_name\" content=\"Fisioter\u00e0pia Mireia Vidal\" \/>\n<meta property=\"article:modified_time\" content=\"2024-05-16T11:20:48+00:00\" \/>\n<meta property=\"og:image\" content=\"https:\/\/fisioterapiamireiavidal.com\/wp-content\/uploads\/2024\/05\/psicoinmunologia.jpg\" \/>\n\t<meta property=\"og:image:width\" content=\"1200\" \/>\n\t<meta property=\"og:image:height\" content=\"798\" \/>\n\t<meta property=\"og:image:type\" content=\"image\/jpeg\" \/>\n<meta name=\"twitter:card\" content=\"summary_large_image\" \/>\n<script type=\"application\/ld+json\" class=\"yoast-schema-graph\">{\"@context\":\"https:\/\/schema.org\",\"@graph\":[{\"@type\":\"WebPage\",\"@id\":\"https:\/\/fisioterapiamireiavidal.com\/ca\/que-utilitzem\/psiconeuroinmunologia\/\",\"url\":\"https:\/\/fisioterapiamireiavidal.com\/ca\/que-utilitzem\/psiconeuroinmunologia\/\",\"name\":\"Psiconeuroinmunologia - Fisioter\u00e0pia Mireia Vidal\",\"isPartOf\":{\"@id\":\"https:\/\/fisioterapiamireiavidal.com\/ca\/#website\"},\"primaryImageOfPage\":{\"@id\":\"https:\/\/fisioterapiamireiavidal.com\/ca\/que-utilitzem\/psiconeuroinmunologia\/#primaryimage\"},\"image\":{\"@id\":\"https:\/\/fisioterapiamireiavidal.com\/ca\/que-utilitzem\/psiconeuroinmunologia\/#primaryimage\"},\"thumbnailUrl\":\"https:\/\/fisioterapiamireiavidal.com\/wp-content\/uploads\/2024\/05\/psicoinmunologia.jpg\",\"datePublished\":\"2024-05-13T13:23:53+00:00\",\"dateModified\":\"2024-05-16T11:20:48+00:00\",\"breadcrumb\":{\"@id\":\"https:\/\/fisioterapiamireiavidal.com\/ca\/que-utilitzem\/psiconeuroinmunologia\/#breadcrumb\"},\"inLanguage\":\"ca\",\"potentialAction\":[{\"@type\":\"ReadAction\",\"target\":[\"https:\/\/fisioterapiamireiavidal.com\/ca\/que-utilitzem\/psiconeuroinmunologia\/\"]}]},{\"@type\":\"ImageObject\",\"inLanguage\":\"ca\",\"@id\":\"https:\/\/fisioterapiamireiavidal.com\/ca\/que-utilitzem\/psiconeuroinmunologia\/#primaryimage\",\"url\":\"https:\/\/fisioterapiamireiavidal.com\/wp-content\/uploads\/2024\/05\/psicoinmunologia.jpg\",\"contentUrl\":\"https:\/\/fisioterapiamireiavidal.com\/wp-content\/uploads\/2024\/05\/psicoinmunologia.jpg\",\"width\":1200,\"height\":798,\"caption\":\"Imatge representativa de la Psiconeuroinmunologia\"},{\"@type\":\"BreadcrumbList\",\"@id\":\"https:\/\/fisioterapiamireiavidal.com\/ca\/que-utilitzem\/psiconeuroinmunologia\/#breadcrumb\",\"itemListElement\":[{\"@type\":\"ListItem\",\"position\":1,\"name\":\"Inici\",\"item\":\"https:\/\/fisioterapiamireiavidal.com\/ca\/\"},{\"@type\":\"ListItem\",\"position\":2,\"name\":\"Qu\u00e8 utilitzem\",\"item\":\"https:\/\/fisioterapiamireiavidal.com\/ca\/que-utilitzem\/\"},{\"@type\":\"ListItem\",\"position\":3,\"name\":\"Psiconeuroinmunologia\"}]},{\"@type\":\"WebSite\",\"@id\":\"https:\/\/fisioterapiamireiavidal.com\/ca\/#website\",\"url\":\"https:\/\/fisioterapiamireiavidal.com\/ca\/\",\"name\":\"Fisioter\u00e0pia Mireia Vidal\",\"description\":\"Oferim tractaments personalitzats, ideats i duts a terme per fisioterapeutes col\u2022legiats.\",\"publisher\":{\"@id\":\"https:\/\/fisioterapiamireiavidal.com\/ca\/#organization\"},\"potentialAction\":[{\"@type\":\"SearchAction\",\"target\":{\"@type\":\"EntryPoint\",\"urlTemplate\":\"https:\/\/fisioterapiamireiavidal.com\/ca\/?s={search_term_string}\"},\"query-input\":{\"@type\":\"PropertyValueSpecification\",\"valueRequired\":true,\"valueName\":\"search_term_string\"}}],\"inLanguage\":\"ca\"},{\"@type\":\"Organization\",\"@id\":\"https:\/\/fisioterapiamireiavidal.com\/ca\/#organization\",\"name\":\"Fisioter\u00e0pia Mireia Vidal\",\"url\":\"https:\/\/fisioterapiamireiavidal.com\/ca\/\",\"logo\":{\"@type\":\"ImageObject\",\"inLanguage\":\"ca\",\"@id\":\"https:\/\/fisioterapiamireiavidal.com\/ca\/#\/schema\/logo\/image\/\",\"url\":\"https:\/\/fisioterapiamireiavidal.com\/wp-content\/uploads\/2024\/05\/logo_mireiavidal_vertical.svg\",\"contentUrl\":\"https:\/\/fisioterapiamireiavidal.com\/wp-content\/uploads\/2024\/05\/logo_mireiavidal_vertical.svg\",\"width\":1,\"height\":1,\"caption\":\"Fisioter\u00e0pia Mireia Vidal\"},\"image\":{\"@id\":\"https:\/\/fisioterapiamireiavidal.com\/ca\/#\/schema\/logo\/image\/\"}}]}<\/script>\n<!-- \/ Yoast SEO plugin. -->","yoast_head_json":{"title":"Psiconeuroinmunologia - Fisioter\u00e0pia Mireia Vidal","robots":{"index":"index","follow":"follow","max-snippet":"max-snippet:-1","max-image-preview":"max-image-preview:large","max-video-preview":"max-video-preview:-1"},"canonical":"https:\/\/fisioterapiamireiavidal.com\/ca\/que-utilitzem\/psiconeuroinmunologia\/","og_locale":"ca_ES","og_type":"article","og_title":"Psiconeuroinmunologia - Fisioter\u00e0pia Mireia Vidal","og_description":"Psiconeuroinmunologia Tractament a trav\u00e9s dels aliments, la suplementaci\u00f3 i l\u2019activitat f\u00edsica La Psiconeuroinmunologia (PNI) \u00e9s un tractament a trav\u00e9s dels aliments, la suplementaci\u00f3 i l&#8217;activitat f\u00edsica, per recuperar l&#8217;equilibri perdut. Indicat per adults i nens. Bronquitis, asma fibromi\u00e0lgia, dolor cr\u00f2nic, artrosi, artritis reumatoide, alteracions menstruaci\u00f3, dolor menstruaci\u00f3, trastorns hormonals, menopausa, an\u00e8mia, hiperactivitat, osteoporosis, cefalees, migranyes, [&hellip;]","og_url":"https:\/\/fisioterapiamireiavidal.com\/ca\/que-utilitzem\/psiconeuroinmunologia\/","og_site_name":"Fisioter\u00e0pia Mireia Vidal","article_modified_time":"2024-05-16T11:20:48+00:00","og_image":[{"width":1200,"height":798,"url":"https:\/\/fisioterapiamireiavidal.com\/wp-content\/uploads\/2024\/05\/psicoinmunologia.jpg","type":"image\/jpeg"}],"twitter_card":"summary_large_image","schema":{"@context":"https:\/\/schema.org","@graph":[{"@type":"WebPage","@id":"https:\/\/fisioterapiamireiavidal.com\/ca\/que-utilitzem\/psiconeuroinmunologia\/","url":"https:\/\/fisioterapiamireiavidal.com\/ca\/que-utilitzem\/psiconeuroinmunologia\/","name":"Psiconeuroinmunologia - Fisioter\u00e0pia Mireia Vidal","isPartOf":{"@id":"https:\/\/fisioterapiamireiavidal.com\/ca\/#website"},"primaryImageOfPage":{"@id":"https:\/\/fisioterapiamireiavidal.com\/ca\/que-utilitzem\/psiconeuroinmunologia\/#primaryimage"},"image":{"@id":"https:\/\/fisioterapiamireiavidal.com\/ca\/que-utilitzem\/psiconeuroinmunologia\/#primaryimage"},"thumbnailUrl":"https:\/\/fisioterapiamireiavidal.com\/wp-content\/uploads\/2024\/05\/psicoinmunologia.jpg","datePublished":"2024-05-13T13:23:53+00:00","dateModified":"2024-05-16T11:20:48+00:00","breadcrumb":{"@id":"https:\/\/fisioterapiamireiavidal.com\/ca\/que-utilitzem\/psiconeuroinmunologia\/#breadcrumb"},"inLanguage":"ca","potentialAction":[{"@type":"ReadAction","target":["https:\/\/fisioterapiamireiavidal.com\/ca\/que-utilitzem\/psiconeuroinmunologia\/"]}]},{"@type":"ImageObject","inLanguage":"ca","@id":"https:\/\/fisioterapiamireiavidal.com\/ca\/que-utilitzem\/psiconeuroinmunologia\/#primaryimage","url":"https:\/\/fisioterapiamireiavidal.com\/wp-content\/uploads\/2024\/05\/psicoinmunologia.jpg","contentUrl":"https:\/\/fisioterapiamireiavidal.com\/wp-content\/uploads\/2024\/05\/psicoinmunologia.jpg","width":1200,"height":798,"caption":"Imatge representativa de la Psiconeuroinmunologia"},{"@type":"BreadcrumbList","@id":"https:\/\/fisioterapiamireiavidal.com\/ca\/que-utilitzem\/psiconeuroinmunologia\/#breadcrumb","itemListElement":[{"@type":"ListItem","position":1,"name":"Inici","item":"https:\/\/fisioterapiamireiavidal.com\/ca\/"},{"@type":"ListItem","position":2,"name":"Qu\u00e8 utilitzem","item":"https:\/\/fisioterapiamireiavidal.com\/ca\/que-utilitzem\/"},{"@type":"ListItem","position":3,"name":"Psiconeuroinmunologia"}]},{"@type":"WebSite","@id":"https:\/\/fisioterapiamireiavidal.com\/ca\/#website","url":"https:\/\/fisioterapiamireiavidal.com\/ca\/","name":"Fisioter\u00e0pia Mireia Vidal","description":"Oferim tractaments personalitzats, ideats i duts a terme per fisioterapeutes col\u2022legiats.","publisher":{"@id":"https:\/\/fisioterapiamireiavidal.com\/ca\/#organization"},"potentialAction":[{"@type":"SearchAction","target":{"@type":"EntryPoint","urlTemplate":"https:\/\/fisioterapiamireiavidal.com\/ca\/?s={search_term_string}"},"query-input":{"@type":"PropertyValueSpecification","valueRequired":true,"valueName":"search_term_string"}}],"inLanguage":"ca"},{"@type":"Organization","@id":"https:\/\/fisioterapiamireiavidal.com\/ca\/#organization","name":"Fisioter\u00e0pia Mireia Vidal","url":"https:\/\/fisioterapiamireiavidal.com\/ca\/","logo":{"@type":"ImageObject","inLanguage":"ca","@id":"https:\/\/fisioterapiamireiavidal.com\/ca\/#\/schema\/logo\/image\/","url":"https:\/\/fisioterapiamireiavidal.com\/wp-content\/uploads\/2024\/05\/logo_mireiavidal_vertical.svg","contentUrl":"https:\/\/fisioterapiamireiavidal.com\/wp-content\/uploads\/2024\/05\/logo_mireiavidal_vertical.svg","width":1,"height":1,"caption":"Fisioter\u00e0pia Mireia Vidal"},"image":{"@id":"https:\/\/fisioterapiamireiavidal.com\/ca\/#\/schema\/logo\/image\/"}}]}},"_links":{"self":[{"href":"https:\/\/fisioterapiamireiavidal.com\/ca\/wp-json\/wp\/v2\/pages\/1196","targetHints":{"allow":["GET"]}}],"collection":[{"href":"https:\/\/fisioterapiamireiavidal.com\/ca\/wp-json\/wp\/v2\/pages"}],"about":[{"href":"https:\/\/fisioterapiamireiavidal.com\/ca\/wp-json\/wp\/v2\/types\/page"}],"author":[{"embeddable":true,"href":"https:\/\/fisioterapiamireiavidal.com\/ca\/wp-json\/wp\/v2\/users\/1"}],"replies":[{"embeddable":true,"href":"https:\/\/fisioterapiamireiavidal.com\/ca\/wp-json\/wp\/v2\/comments?post=1196"}],"version-history":[{"count":12,"href":"https:\/\/fisioterapiamireiavidal.com\/ca\/wp-json\/wp\/v2\/pages\/1196\/revisions"}],"predecessor-version":[{"id":1655,"href":"https:\/\/fisioterapiamireiavidal.com\/ca\/wp-json\/wp\/v2\/pages\/1196\/revisions\/1655"}],"up":[{"embeddable":true,"href":"https:\/\/fisioterapiamireiavidal.com\/ca\/wp-json\/wp\/v2\/pages\/1095"}],"wp:featuredmedia":[{"embeddable":true,"href":"https:\/\/fisioterapiamireiavidal.com\/ca\/wp-json\/wp\/v2\/media\/1221"}],"wp:attachment":[{"href":"https:\/\/fisioterapiamireiavidal.com\/ca\/wp-json\/wp\/v2\/media?parent=1196"}],"curies":[{"name":"wp","href":"https:\/\/api.w.org\/{rel}","templated":true}]}}