{"id":1194,"date":"2024-05-13T13:23:20","date_gmt":"2024-05-13T13:23:20","guid":{"rendered":"https:\/\/fisioterapiamireiavidal.com\/?page_id=1194"},"modified":"2024-05-16T11:20:09","modified_gmt":"2024-05-16T11:20:09","slug":"metode-hipopressiu","status":"publish","type":"page","link":"https:\/\/fisioterapiamireiavidal.com\/ca\/que-utilitzem\/metode-hipopressiu\/","title":{"rendered":"M\u00e8tode Hipopressiu"},"content":{"rendered":"<h1>M\u00e8tode Hipopressiu<\/h1>\n<div>Gimn\u00e0stica Abdominal Hipopressiva <\/div>\n<div>\n<p>El m\u00e8tode hipropressiu de Marcel Caufriez o Reprocessing Soft Fitness (RSF) \u00e9s un conjunt ordenat d&#8217;exercicis posturals r\u00edtmics. Es tracta de realitzar aspiracions diafragm\u00e0tiques les quals milloren el to abdominal i eviten les pressions intraabdominals.<\/p>\n<p>Les s\u00e8ries d&#8217;exercicis combinen respiracions i apnees amb postures mantingudes o amb un lleuger moviment que permet a l&#8217;abdominal treballar al 100% de la seva for\u00e7a i per tan, augmentar el seu to.<\/p>\n<p>Un bon treball abdominal aportar\u00e0 una s\u00e8rie de beneficis molt importants per al cos hum\u00e0<\/p>\n<\/div>\n<blockquote>\n<p>\u201cNo es tracta nom\u00e9s del dolor. \u00c9s el que significa per a aquesta persona\u201d<\/p>\n<footer>\n<p>                <cite>Sarah Haag<\/cite><\/p>\n<\/footer>\n<\/blockquote>\n<p><img decoding=\"async\" src=\"\/mireiavidal\/wp-content\/uploads\/2024\/05\/hiporessiu.jpg\" alt=\"Chica practicando ter\u00e0pia Hipopresiva\"><\/p>\n<h2>Beneficis del <span class=\"uk-text-primary\">m\u00e8tode hipopressiu<\/span><\/h2>\n<ul>\n<li>\n<div>Redueix cintura <\/div>\n<\/li>\n<li>\n<div>Disminueix el dolor d&#8217;esquena <\/div>\n<\/li>\n<li>\n<div>Millora la funci\u00f3 sexual <\/div>\n<\/li>\n<li>\n<div>Augmenta el rendiment esportiu<\/div>\n<\/li>\n<li>\n<div>Soluciona i preveu la incontin\u00e8ncia urin\u00e0ria <\/div>\n<\/li>\n<li>\n<div>Preveu hernies <\/div>\n<\/li>\n<li>\n<div>Exel\u00b7lent m\u00e8tode pre i post part <\/div>\n<\/li>\n<li>\n<div>Millora la funci\u00f3 respirat\u00f2ria <\/div>\n<\/li>\n<li>\n<div>Millora la postura i l&#8217;equilibri <\/div>\n<\/li>\n<li>\n<div>Millora i preveu la caiguda d&#8217;organs interns  <\/div>\n<\/li>\n<\/ul>\n<hr>\n<p><!--more--><br \/>\n<!-- {\"type\":\"layout\",\"children\":[{\"name\":\"About\",\"type\":\"section\",\"props\":{\"image_effect\":\"parallax\",\"image_parallax_bgx\":\"80,80\",\"image_parallax_easing\":\"1\",\"image_position\":\"bottom-right\",\"image_width\":\"350\",\"padding_remove_bottom\":true,\"style\":\"default\",\"title_breakpoint\":\"xl\",\"title_position\":\"center-right\",\"title_rotation\":\"left\",\"vertical_align\":\"middle\",\"width\":\"default\"},\"children\":[{\"type\":\"row\",\"props\":{\"column_gap\":\"small\",\"layout\":\"1-2,1-2\",\"match\":false,\"row_gap\":\"small\",\"vertical_align\":false},\"children\":[{\"type\":\"column\",\"props\":{\"image_position\":\"center-center\",\"position_sticky_breakpoint\":\"m\",\"width_medium\":\"1-2\"},\"children\":[{\"type\":\"headline\",\"props\":{\"content\":\"M\\u00e8tode Hipopressiu\",\"title_color\":\"primary\",\"title_decoration\":\"line\",\"title_element\":\"h1\",\"title_style\":\"heading-small\"}},{\"type\":\"headline\",\"props\":{\"content\":\"Gimn\\u00e0stica Abdominal Hipopressiva \",\"margin\":\"remove-vertical\",\"title_decoration\":\"bullet\",\"title_element\":\"div\",\"title_style\":\"text-meta\"}},{\"type\":\"text\",\"props\":{\"column_breakpoint\":\"m\",\"content\":\"\n\n<p>El m\\u00e8tode hipropressiu de Marcel Caufriez o Reprocessing Soft Fitness (RSF) \\u00e9s un conjunt ordenat d'exercicis posturals r\\u00edtmics. Es tracta de realitzar aspiracions diafragm\\u00e0tiques les quals milloren el to abdominal i eviten les pressions intraabdominals.<\\\/p>\\n\n\n<p>Les s\\u00e8ries d'exercicis combinen respiracions i apnees amb postures mantingudes o amb un lleuger moviment que permet a l'abdominal treballar al 100% de la seva for\\u00e7a i per tan, augmentar el seu to.<\\\/p>\\n\n\n<p>Un bon treball abdominal aportar\\u00e0 una s\\u00e8rie de beneficis molt importants per al cos hum\\u00e0<\\\/p>\",\"margin\":\"large\",\"maxwidth\":\"xlarge\"}},{\"type\":\"quotation\",\"props\":{\"author\":\"Sarah Haag\",\"content\":\"\n\n<p>\\u201cNo es tracta nom\\u00e9s del dolor. \\u00c9s el que significa per a aquesta persona\\u201d<\\\/p>\",\"margin_remove_top\":false,\"maxwidth\":\"large\"}}]},{\"type\":\"column\",\"props\":{\"image\":\"wp-content\\\/uploads\\\/pattern.svg\",\"image_effect\":\"parallax\",\"image_parallax_bgy\":\"-60,-50\",\"image_parallax_easing\":\"1\",\"image_position\":\"bottom-left\",\"image_width\":\"350\",\"media_visibility\":\"m\",\"position_sticky_breakpoint\":\"m\",\"width_medium\":\"1-2\"},\"children\":[{\"type\":\"image\",\"props\":{\"animation\":\"parallax\",\"image\":\"wp-content\\\/uploads\\\/2024\\\/05\\\/hiporessiu.jpg\",\"image_alt\":\"Chica practicando ter\\u00e0pia Hipopresiva\",\"image_height\":609,\"image_svg_color\":\"emphasis\",\"image_width\":\"420\",\"margin\":\"\",\"parallax_breakpoint\":\"m\",\"parallax_easing\":\"1\",\"parallax_y\":\"-70,0\",\"text_align\":\"right\",\"text_align_breakpoint\":\"m\"}}]}]}]},{\"name\":\"CV\",\"type\":\"section\",\"props\":{\"image_position\":\"center-center\",\"padding\":\"small\",\"style\":\"default\",\"title_breakpoint\":\"xl\",\"title_position\":\"top-left\",\"title_rotation\":\"left\",\"vertical_align\":\"middle\",\"width\":\"default\"},\"children\":[{\"type\":\"row\",\"props\":{\"margin\":\"large\"},\"children\":[{\"type\":\"column\",\"props\":{\"image_position\":\"center-center\",\"position_sticky_breakpoint\":\"m\",\"width_medium\":\"1-1\"},\"children\":[{\"type\":\"headline\",\"props\":{\"content\":\"Beneficis del <span class=\\\"uk-text-primary\\\">m\\u00e8tode hipopressiu<\\\/span>\",\"title_element\":\"h2\",\"title_style\":\"h3\"}}]}]},{\"type\":\"row\",\"props\":{\"margin\":\"large\"},\"children\":[{\"type\":\"column\",\"props\":{\"image_position\":\"center-center\",\"position_sticky_breakpoint\":\"m\"},\"children\":[{\"type\":\"list\",\"props\":{\"column\":\"1-2\",\"column_breakpoint\":\"m\",\"image_align\":\"left\",\"image_svg_color\":\"emphasis\",\"image_vertical_align\":true,\"list_element\":\"ol\",\"list_horizontal_separator\":\", \",\"list_marker\":\"decimal\",\"list_marker_color\":\"primary\",\"list_type\":\"vertical\",\"show_image\":true,\"show_link\":true},\"children\":[{\"type\":\"list_item\",\"props\":{\"content\":\"Redueix cintura \"}},{\"type\":\"list_item\",\"props\":{\"content\":\"Disminueix el dolor d'esquena \"}},{\"type\":\"list_item\",\"props\":{\"content\":\"Millora la funci\\u00f3 sexual \"}},{\"type\":\"list_item\",\"props\":{\"content\":\"Augmenta el rendiment esportiu\"}},{\"type\":\"list_item\",\"props\":{\"content\":\"Soluciona i preveu la incontin\\u00e8ncia urin\\u00e0ria \"}},{\"type\":\"list_item\",\"props\":{\"content\":\"Preveu hernies \"}},{\"type\":\"list_item\",\"props\":{\"content\":\"Exel\\u00b7lent m\\u00e8tode pre i post part \"}},{\"type\":\"list_item\",\"props\":{\"content\":\"Millora la funci\\u00f3 respirat\\u00f2ria \"}},{\"type\":\"list_item\",\"props\":{\"content\":\"Millora la postura i l'equilibri \"}},{\"type\":\"list_item\",\"props\":{\"content\":\"Millora i preveu la caiguda d'organs interns  \"}}]}]}]},{\"type\":\"row\",\"children\":[{\"type\":\"column\",\"props\":{\"image_position\":\"center-center\",\"position_sticky_breakpoint\":\"m\"},\"children\":[{\"type\":\"divider\",\"props\":{\"divider_element\":\"hr\",\"divider_style\":\"icon\"}}]}]}]}],\"version\":\"4.3.13\"} --><\/p>\n","protected":false},"excerpt":{"rendered":"<p>M\u00e8tode Hipopressiu Gimn\u00e0stica Abdominal Hipopressiva El m\u00e8tode hipropressiu de Marcel Caufriez o Reprocessing Soft Fitness (RSF) \u00e9s un conjunt ordenat d&#8217;exercicis posturals r\u00edtmics. Es tracta de realitzar aspiracions diafragm\u00e0tiques les quals milloren el to abdominal i eviten les pressions intraabdominals. Les s\u00e8ries d&#8217;exercicis combinen respiracions i apnees amb postures mantingudes o amb un lleuger moviment [&hellip;]<\/p>\n","protected":false},"author":1,"featured_media":1219,"parent":1095,"menu_order":0,"comment_status":"closed","ping_status":"closed","template":"","meta":{"footnotes":""},"class_list":["post-1194","page","type-page","status-publish","has-post-thumbnail","hentry"],"yoast_head":"<!-- This site is optimized with the Yoast SEO plugin v26.1.1 - https:\/\/yoast.com\/wordpress\/plugins\/seo\/ -->\n<title>M\u00e8tode Hipopressiu - Fisioter\u00e0pia Mireia Vidal<\/title>\n<meta name=\"robots\" content=\"index, follow, max-snippet:-1, max-image-preview:large, max-video-preview:-1\" \/>\n<link rel=\"canonical\" href=\"https:\/\/fisioterapiamireiavidal.com\/ca\/que-utilitzem\/metode-hipopressiu\/\" \/>\n<meta property=\"og:locale\" content=\"ca_ES\" \/>\n<meta property=\"og:type\" content=\"article\" \/>\n<meta property=\"og:title\" content=\"M\u00e8tode Hipopressiu - Fisioter\u00e0pia Mireia Vidal\" \/>\n<meta property=\"og:description\" content=\"M\u00e8tode Hipopressiu Gimn\u00e0stica Abdominal Hipopressiva El m\u00e8tode hipropressiu de Marcel Caufriez o Reprocessing Soft Fitness (RSF) \u00e9s un conjunt ordenat d&#8217;exercicis posturals r\u00edtmics. Es tracta de realitzar aspiracions diafragm\u00e0tiques les quals milloren el to abdominal i eviten les pressions intraabdominals. Les s\u00e8ries d&#8217;exercicis combinen respiracions i apnees amb postures mantingudes o amb un lleuger moviment [&hellip;]\" \/>\n<meta property=\"og:url\" content=\"https:\/\/fisioterapiamireiavidal.com\/ca\/que-utilitzem\/metode-hipopressiu\/\" \/>\n<meta property=\"og:site_name\" content=\"Fisioter\u00e0pia Mireia Vidal\" \/>\n<meta property=\"article:modified_time\" content=\"2024-05-16T11:20:09+00:00\" \/>\n<meta property=\"og:image\" content=\"https:\/\/fisioterapiamireiavidal.com\/wp-content\/uploads\/2024\/05\/hiporessiu.jpg\" \/>\n\t<meta property=\"og:image:width\" content=\"1200\" \/>\n\t<meta property=\"og:image:height\" content=\"798\" \/>\n\t<meta property=\"og:image:type\" content=\"image\/jpeg\" \/>\n<meta name=\"twitter:card\" content=\"summary_large_image\" \/>\n<meta name=\"twitter:label1\" content=\"Temps estimat de lectura\" \/>\n\t<meta name=\"twitter:data1\" content=\"1 minut\" \/>\n<script type=\"application\/ld+json\" class=\"yoast-schema-graph\">{\"@context\":\"https:\/\/schema.org\",\"@graph\":[{\"@type\":\"WebPage\",\"@id\":\"https:\/\/fisioterapiamireiavidal.com\/ca\/que-utilitzem\/metode-hipopressiu\/\",\"url\":\"https:\/\/fisioterapiamireiavidal.com\/ca\/que-utilitzem\/metode-hipopressiu\/\",\"name\":\"M\u00e8tode Hipopressiu - Fisioter\u00e0pia Mireia Vidal\",\"isPartOf\":{\"@id\":\"https:\/\/fisioterapiamireiavidal.com\/ca\/#website\"},\"primaryImageOfPage\":{\"@id\":\"https:\/\/fisioterapiamireiavidal.com\/ca\/que-utilitzem\/metode-hipopressiu\/#primaryimage\"},\"image\":{\"@id\":\"https:\/\/fisioterapiamireiavidal.com\/ca\/que-utilitzem\/metode-hipopressiu\/#primaryimage\"},\"thumbnailUrl\":\"https:\/\/fisioterapiamireiavidal.com\/wp-content\/uploads\/2024\/05\/hiporessiu.jpg\",\"datePublished\":\"2024-05-13T13:23:20+00:00\",\"dateModified\":\"2024-05-16T11:20:09+00:00\",\"breadcrumb\":{\"@id\":\"https:\/\/fisioterapiamireiavidal.com\/ca\/que-utilitzem\/metode-hipopressiu\/#breadcrumb\"},\"inLanguage\":\"ca\",\"potentialAction\":[{\"@type\":\"ReadAction\",\"target\":[\"https:\/\/fisioterapiamireiavidal.com\/ca\/que-utilitzem\/metode-hipopressiu\/\"]}]},{\"@type\":\"ImageObject\",\"inLanguage\":\"ca\",\"@id\":\"https:\/\/fisioterapiamireiavidal.com\/ca\/que-utilitzem\/metode-hipopressiu\/#primaryimage\",\"url\":\"https:\/\/fisioterapiamireiavidal.com\/wp-content\/uploads\/2024\/05\/hiporessiu.jpg\",\"contentUrl\":\"https:\/\/fisioterapiamireiavidal.com\/wp-content\/uploads\/2024\/05\/hiporessiu.jpg\",\"width\":1200,\"height\":798,\"caption\":\"Noia practicant el M\u00e8tode Hipopressiu\"},{\"@type\":\"BreadcrumbList\",\"@id\":\"https:\/\/fisioterapiamireiavidal.com\/ca\/que-utilitzem\/metode-hipopressiu\/#breadcrumb\",\"itemListElement\":[{\"@type\":\"ListItem\",\"position\":1,\"name\":\"Inici\",\"item\":\"https:\/\/fisioterapiamireiavidal.com\/ca\/\"},{\"@type\":\"ListItem\",\"position\":2,\"name\":\"Qu\u00e8 utilitzem\",\"item\":\"https:\/\/fisioterapiamireiavidal.com\/ca\/que-utilitzem\/\"},{\"@type\":\"ListItem\",\"position\":3,\"name\":\"M\u00e8tode Hipopressiu\"}]},{\"@type\":\"WebSite\",\"@id\":\"https:\/\/fisioterapiamireiavidal.com\/ca\/#website\",\"url\":\"https:\/\/fisioterapiamireiavidal.com\/ca\/\",\"name\":\"Fisioter\u00e0pia Mireia Vidal\",\"description\":\"Oferim tractaments personalitzats, ideats i duts a terme per fisioterapeutes col\u2022legiats.\",\"publisher\":{\"@id\":\"https:\/\/fisioterapiamireiavidal.com\/ca\/#organization\"},\"potentialAction\":[{\"@type\":\"SearchAction\",\"target\":{\"@type\":\"EntryPoint\",\"urlTemplate\":\"https:\/\/fisioterapiamireiavidal.com\/ca\/?s={search_term_string}\"},\"query-input\":{\"@type\":\"PropertyValueSpecification\",\"valueRequired\":true,\"valueName\":\"search_term_string\"}}],\"inLanguage\":\"ca\"},{\"@type\":\"Organization\",\"@id\":\"https:\/\/fisioterapiamireiavidal.com\/ca\/#organization\",\"name\":\"Fisioter\u00e0pia Mireia Vidal\",\"url\":\"https:\/\/fisioterapiamireiavidal.com\/ca\/\",\"logo\":{\"@type\":\"ImageObject\",\"inLanguage\":\"ca\",\"@id\":\"https:\/\/fisioterapiamireiavidal.com\/ca\/#\/schema\/logo\/image\/\",\"url\":\"https:\/\/fisioterapiamireiavidal.com\/wp-content\/uploads\/2024\/05\/logo_mireiavidal_vertical.svg\",\"contentUrl\":\"https:\/\/fisioterapiamireiavidal.com\/wp-content\/uploads\/2024\/05\/logo_mireiavidal_vertical.svg\",\"width\":1,\"height\":1,\"caption\":\"Fisioter\u00e0pia Mireia Vidal\"},\"image\":{\"@id\":\"https:\/\/fisioterapiamireiavidal.com\/ca\/#\/schema\/logo\/image\/\"}}]}<\/script>\n<!-- \/ Yoast SEO plugin. -->","yoast_head_json":{"title":"M\u00e8tode Hipopressiu - Fisioter\u00e0pia Mireia Vidal","robots":{"index":"index","follow":"follow","max-snippet":"max-snippet:-1","max-image-preview":"max-image-preview:large","max-video-preview":"max-video-preview:-1"},"canonical":"https:\/\/fisioterapiamireiavidal.com\/ca\/que-utilitzem\/metode-hipopressiu\/","og_locale":"ca_ES","og_type":"article","og_title":"M\u00e8tode Hipopressiu - Fisioter\u00e0pia Mireia Vidal","og_description":"M\u00e8tode Hipopressiu Gimn\u00e0stica Abdominal Hipopressiva El m\u00e8tode hipropressiu de Marcel Caufriez o Reprocessing Soft Fitness (RSF) \u00e9s un conjunt ordenat d&#8217;exercicis posturals r\u00edtmics. Es tracta de realitzar aspiracions diafragm\u00e0tiques les quals milloren el to abdominal i eviten les pressions intraabdominals. Les s\u00e8ries d&#8217;exercicis combinen respiracions i apnees amb postures mantingudes o amb un lleuger moviment [&hellip;]","og_url":"https:\/\/fisioterapiamireiavidal.com\/ca\/que-utilitzem\/metode-hipopressiu\/","og_site_name":"Fisioter\u00e0pia Mireia Vidal","article_modified_time":"2024-05-16T11:20:09+00:00","og_image":[{"width":1200,"height":798,"url":"https:\/\/fisioterapiamireiavidal.com\/wp-content\/uploads\/2024\/05\/hiporessiu.jpg","type":"image\/jpeg"}],"twitter_card":"summary_large_image","twitter_misc":{"Temps estimat de lectura":"1 minut"},"schema":{"@context":"https:\/\/schema.org","@graph":[{"@type":"WebPage","@id":"https:\/\/fisioterapiamireiavidal.com\/ca\/que-utilitzem\/metode-hipopressiu\/","url":"https:\/\/fisioterapiamireiavidal.com\/ca\/que-utilitzem\/metode-hipopressiu\/","name":"M\u00e8tode Hipopressiu - Fisioter\u00e0pia Mireia Vidal","isPartOf":{"@id":"https:\/\/fisioterapiamireiavidal.com\/ca\/#website"},"primaryImageOfPage":{"@id":"https:\/\/fisioterapiamireiavidal.com\/ca\/que-utilitzem\/metode-hipopressiu\/#primaryimage"},"image":{"@id":"https:\/\/fisioterapiamireiavidal.com\/ca\/que-utilitzem\/metode-hipopressiu\/#primaryimage"},"thumbnailUrl":"https:\/\/fisioterapiamireiavidal.com\/wp-content\/uploads\/2024\/05\/hiporessiu.jpg","datePublished":"2024-05-13T13:23:20+00:00","dateModified":"2024-05-16T11:20:09+00:00","breadcrumb":{"@id":"https:\/\/fisioterapiamireiavidal.com\/ca\/que-utilitzem\/metode-hipopressiu\/#breadcrumb"},"inLanguage":"ca","potentialAction":[{"@type":"ReadAction","target":["https:\/\/fisioterapiamireiavidal.com\/ca\/que-utilitzem\/metode-hipopressiu\/"]}]},{"@type":"ImageObject","inLanguage":"ca","@id":"https:\/\/fisioterapiamireiavidal.com\/ca\/que-utilitzem\/metode-hipopressiu\/#primaryimage","url":"https:\/\/fisioterapiamireiavidal.com\/wp-content\/uploads\/2024\/05\/hiporessiu.jpg","contentUrl":"https:\/\/fisioterapiamireiavidal.com\/wp-content\/uploads\/2024\/05\/hiporessiu.jpg","width":1200,"height":798,"caption":"Noia practicant el M\u00e8tode Hipopressiu"},{"@type":"BreadcrumbList","@id":"https:\/\/fisioterapiamireiavidal.com\/ca\/que-utilitzem\/metode-hipopressiu\/#breadcrumb","itemListElement":[{"@type":"ListItem","position":1,"name":"Inici","item":"https:\/\/fisioterapiamireiavidal.com\/ca\/"},{"@type":"ListItem","position":2,"name":"Qu\u00e8 utilitzem","item":"https:\/\/fisioterapiamireiavidal.com\/ca\/que-utilitzem\/"},{"@type":"ListItem","position":3,"name":"M\u00e8tode Hipopressiu"}]},{"@type":"WebSite","@id":"https:\/\/fisioterapiamireiavidal.com\/ca\/#website","url":"https:\/\/fisioterapiamireiavidal.com\/ca\/","name":"Fisioter\u00e0pia Mireia Vidal","description":"Oferim tractaments personalitzats, ideats i duts a terme per fisioterapeutes col\u2022legiats.","publisher":{"@id":"https:\/\/fisioterapiamireiavidal.com\/ca\/#organization"},"potentialAction":[{"@type":"SearchAction","target":{"@type":"EntryPoint","urlTemplate":"https:\/\/fisioterapiamireiavidal.com\/ca\/?s={search_term_string}"},"query-input":{"@type":"PropertyValueSpecification","valueRequired":true,"valueName":"search_term_string"}}],"inLanguage":"ca"},{"@type":"Organization","@id":"https:\/\/fisioterapiamireiavidal.com\/ca\/#organization","name":"Fisioter\u00e0pia Mireia Vidal","url":"https:\/\/fisioterapiamireiavidal.com\/ca\/","logo":{"@type":"ImageObject","inLanguage":"ca","@id":"https:\/\/fisioterapiamireiavidal.com\/ca\/#\/schema\/logo\/image\/","url":"https:\/\/fisioterapiamireiavidal.com\/wp-content\/uploads\/2024\/05\/logo_mireiavidal_vertical.svg","contentUrl":"https:\/\/fisioterapiamireiavidal.com\/wp-content\/uploads\/2024\/05\/logo_mireiavidal_vertical.svg","width":1,"height":1,"caption":"Fisioter\u00e0pia Mireia Vidal"},"image":{"@id":"https:\/\/fisioterapiamireiavidal.com\/ca\/#\/schema\/logo\/image\/"}}]}},"_links":{"self":[{"href":"https:\/\/fisioterapiamireiavidal.com\/ca\/wp-json\/wp\/v2\/pages\/1194","targetHints":{"allow":["GET"]}}],"collection":[{"href":"https:\/\/fisioterapiamireiavidal.com\/ca\/wp-json\/wp\/v2\/pages"}],"about":[{"href":"https:\/\/fisioterapiamireiavidal.com\/ca\/wp-json\/wp\/v2\/types\/page"}],"author":[{"embeddable":true,"href":"https:\/\/fisioterapiamireiavidal.com\/ca\/wp-json\/wp\/v2\/users\/1"}],"replies":[{"embeddable":true,"href":"https:\/\/fisioterapiamireiavidal.com\/ca\/wp-json\/wp\/v2\/comments?post=1194"}],"version-history":[{"count":20,"href":"https:\/\/fisioterapiamireiavidal.com\/ca\/wp-json\/wp\/v2\/pages\/1194\/revisions"}],"predecessor-version":[{"id":1653,"href":"https:\/\/fisioterapiamireiavidal.com\/ca\/wp-json\/wp\/v2\/pages\/1194\/revisions\/1653"}],"up":[{"embeddable":true,"href":"https:\/\/fisioterapiamireiavidal.com\/ca\/wp-json\/wp\/v2\/pages\/1095"}],"wp:featuredmedia":[{"embeddable":true,"href":"https:\/\/fisioterapiamireiavidal.com\/ca\/wp-json\/wp\/v2\/media\/1219"}],"wp:attachment":[{"href":"https:\/\/fisioterapiamireiavidal.com\/ca\/wp-json\/wp\/v2\/media?parent=1194"}],"curies":[{"name":"wp","href":"https:\/\/api.w.org\/{rel}","templated":true}]}}