{"id":1186,"date":"2024-05-13T13:16:09","date_gmt":"2024-05-13T13:16:09","guid":{"rendered":"https:\/\/fisioterapiamireiavidal.com\/?page_id=1186"},"modified":"2024-05-16T11:18:43","modified_gmt":"2024-05-16T11:18:43","slug":"fisioterapia","status":"publish","type":"page","link":"https:\/\/fisioterapiamireiavidal.com\/ca\/que-utilitzem\/fisioterapia\/","title":{"rendered":"Fisioter\u00e0pia"},"content":{"rendered":"<h1>Fisioter\u00e0pia<\/h1>\n<div>Ajuda a prevenir, resoldre i recuperar diferents lesions<\/div>\n<div>La fisioter\u00e0pia es una disciplina de la salut que ajuda a millorar els s\u00edntomes de moltes dol\u00e8ncies tan agudes com cr\u00f2niques. L\u2019objectiu es prevenir, curar i recuperar per mitj\u00e0 de l\u2019actuaci\u00f3 i t\u00e8cniques pr\u00f2pies de la fisioter\u00e0pia. En primer lloc es realitzar\u00e0 una hist\u00f2ria cl\u00ednica per con\u00e8ixer el problema del pacient, despr\u00e9s una valoraci\u00f3 personalitzada per extreure un diagn\u00f2stic i per \u00faltim es realitzar\u00e0 el tractament m\u00e9s indicat per aquest diagn\u00f2stic.<\/div>\n<blockquote>\n<p>    \u201cLa riquesa m\u00e9s gran \u00e9s la salut\u201d<\/p>\n<footer>\n<p>                <cite>Ralph Waldo Emerson<\/cite><\/p>\n<\/footer>\n<\/blockquote>\n<p><img decoding=\"async\" src=\"\/mireiavidal\/wp-content\/uploads\/yootheme\/home-services-05.jpg\" alt=\"Un fisioterapeuta aplicando una sesi\u00f3n de fisioterapia a un paciente.\"><\/p>\n<h2>Les <span class=\"uk-text-primary\">eines principals<\/span> del fisioterapeutes son:<\/h2>\n<h3>Massoter\u00e0pia<\/h3>\n<div>Aplicaci\u00f3 de diferents modalitats del massatge , com el massatge terap\u00e8utic, el drenatge limf\u00e0tic manual terap\u00e8utic, el massatge transvers profund ( cyriax ), crio-massatge, massatge esportiu, inducci\u00f3 i alliberaci\u00f3 miofascial, t\u00e8cniques manuals neuromusculars, miotensives o punts gallet, massatge del teixit conjuntiu&#8230;<\/div>\n<h3>Cinesiter\u00e0pia o ter\u00e0pia a trav\u00e9s del moviment, actiu o passiu<\/h3>\n<h3>Manipulaci\u00f3 vertebral i de les articulacions terap\u00e8utiques<\/h3>\n<h3>Embenat funcional o neuromuscular (kinesiotaping)<\/h3>\n<h3>Estiraments anal\u00edtics<\/h3>\n<h3>Exercicis terap\u00e8utics<\/h3>\n<h3>Mobilitzacions articulars, neuromen\u00edngees, fascials i viscerals<\/h3>\n<h3>M\u00e8todes manuals de reeducaci\u00f3 del t\u00f2 postural<\/h3>\n<h3><strong>Tecnologies sanit\u00e0ries de suport<\/strong><\/h3>\n<ul>\n<li>\n<div>\n<p><strong>Electroter\u00e0pia:<\/strong> aplicaci\u00f3 de corrents el\u00e8ctriques<\/p>\n<\/div>\n<\/li>\n<li>\n<div>\n<p><strong>Termoter\u00e0pia:<\/strong> terapia mitjan\u00e7ant calor<\/p>\n<\/div>\n<\/li>\n<li>\n<div>\n<p><strong>Mecanoter\u00e0pia:<\/strong> ter\u00e0pia mitjan\u00e7ant enginys mec\u00e0nics<\/p>\n<\/div>\n<\/li>\n<li>\n<div>\n<p><strong>Magnetoter\u00e0pia:<\/strong> ter\u00e0pia mitjan\u00e7ant camps electromagn\u00e8tics<\/p>\n<\/div>\n<\/li>\n<li>\n<div>\n<p><strong>Efecte biofeedback<\/strong><\/p>\n<\/div>\n<\/li>\n<li>\n<p><a href=\"\/mireiavidal\/que-utilitzem\/indiba-activ-terapia\/\"><\/p>\n<p><strong>Indiba Activ Terapia<\/strong><\/p>\n<p><\/a><\/p>\n<\/li>\n<\/ul>\n<hr>\n<p><!--more--><br \/>\n<!-- {\"type\":\"layout\",\"children\":[{\"name\":\"About\",\"type\":\"section\",\"props\":{\"image_effect\":\"parallax\",\"image_parallax_bgx\":\"80,80\",\"image_parallax_easing\":\"1\",\"image_position\":\"bottom-right\",\"image_width\":\"350\",\"padding_remove_bottom\":true,\"style\":\"default\",\"title_breakpoint\":\"xl\",\"title_position\":\"center-right\",\"title_rotation\":\"left\",\"vertical_align\":\"middle\",\"width\":\"default\"},\"children\":[{\"type\":\"row\",\"props\":{\"column_gap\":\"small\",\"layout\":\"1-2,1-2\",\"match\":false,\"row_gap\":\"small\",\"vertical_align\":false},\"children\":[{\"type\":\"column\",\"props\":{\"image_position\":\"center-center\",\"position_sticky_breakpoint\":\"m\",\"width_medium\":\"1-2\"},\"children\":[{\"type\":\"headline\",\"props\":{\"content\":\"Fisioter\\u00e0pia\",\"title_color\":\"primary\",\"title_decoration\":\"line\",\"title_element\":\"h1\",\"title_style\":\"heading-small\"}},{\"type\":\"headline\",\"props\":{\"content\":\"Ajuda a prevenir, resoldre i recuperar diferents lesions\",\"margin\":\"remove-vertical\",\"title_decoration\":\"bullet\",\"title_element\":\"div\",\"title_style\":\"text-meta\"}},{\"type\":\"text\",\"props\":{\"column_breakpoint\":\"m\",\"content\":\"La fisioter\\u00e0pia es una disciplina de la salut que ajuda a millorar els s\\u00edntomes de moltes dol\\u00e8ncies tan agudes com cr\\u00f2niques. L\\u2019objectiu es prevenir, curar i recuperar per mitj\\u00e0 de l\\u2019actuaci\\u00f3 i t\\u00e8cniques pr\\u00f2pies de la fisioter\\u00e0pia. En primer lloc es realitzar\\u00e0 una hist\\u00f2ria cl\\u00ednica per con\\u00e8ixer el problema del pacient, despr\\u00e9s una valoraci\\u00f3 personalitzada per extreure un diagn\\u00f2stic i per \\u00faltim es realitzar\\u00e0 el tractament m\\u00e9s indicat per aquest diagn\\u00f2stic.\",\"margin\":\"large\",\"maxwidth\":\"xlarge\"}},{\"type\":\"quotation\",\"props\":{\"author\":\"Ralph Waldo Emerson\",\"content\":\"\\u201cLa riquesa m\\u00e9s gran \\u00e9s la salut\\u201d\",\"margin_remove_top\":false}}]},{\"type\":\"column\",\"props\":{\"image\":\"wp-content\\\/uploads\\\/pattern.svg\",\"image_effect\":\"parallax\",\"image_parallax_bgy\":\"-60,-50\",\"image_parallax_easing\":\"1\",\"image_position\":\"bottom-left\",\"image_width\":\"350\",\"media_visibility\":\"m\",\"position_sticky_breakpoint\":\"m\",\"width_medium\":\"1-2\"},\"children\":[{\"type\":\"image\",\"props\":{\"animation\":\"parallax\",\"image\":\"wp-content\\\/uploads\\\/yootheme\\\/home-services-05.jpg\",\"image_alt\":\"Un fisioterapeuta aplicando una sesi\\u00f3n de fisioterapia a un paciente.\",\"image_svg_color\":\"emphasis\",\"image_width\":\"420\",\"margin\":\"\",\"parallax_breakpoint\":\"m\",\"parallax_easing\":\"1\",\"parallax_y\":\"-70,0\",\"text_align\":\"right\",\"text_align_breakpoint\":\"m\"}}]}]}]},{\"name\":\"CV\",\"type\":\"section\",\"props\":{\"image_position\":\"center-center\",\"padding\":\"small\",\"style\":\"default\",\"title_breakpoint\":\"xl\",\"title_position\":\"top-left\",\"title_rotation\":\"left\",\"vertical_align\":\"middle\",\"width\":\"default\"},\"children\":[{\"type\":\"row\",\"props\":{\"margin\":\"large\"},\"children\":[{\"type\":\"column\",\"props\":{\"image_position\":\"center-center\",\"position_sticky_breakpoint\":\"m\",\"width_medium\":\"1-1\"},\"children\":[{\"type\":\"headline\",\"props\":{\"content\":\"Les <span class=\\\"uk-text-primary\\\">eines principals<\\\/span> del fisioterapeutes son:\",\"title_element\":\"h2\",\"title_style\":\"h3\"}}]}]},{\"type\":\"row\",\"props\":{\"layout\":\"1-2,1-2\",\"margin\":\"large\"},\"children\":[{\"type\":\"column\",\"props\":{\"image_position\":\"center-center\",\"position_sticky_breakpoint\":\"m\",\"width_medium\":\"1-2\"},\"children\":[{\"type\":\"headline\",\"props\":{\"content\":\"Massoter\\u00e0pia\",\"margin\":\"remove-vertical\",\"title_decoration\":\"bullet\",\"title_element\":\"h3\",\"title_style\":\"h5\"}},{\"type\":\"text\",\"props\":{\"column_breakpoint\":\"m\",\"content\":\"Aplicaci\\u00f3 de diferents modalitats del massatge , com el massatge terap\\u00e8utic, el drenatge limf\\u00e0tic manual terap\\u00e8utic, el massatge transvers profund ( cyriax ), crio-massatge, massatge esportiu, inducci\\u00f3 i alliberaci\\u00f3 miofascial, t\\u00e8cniques manuals neuromusculars, miotensives o punts gallet, massatge del teixit conjuntiu...\",\"margin\":\"default\",\"maxwidth\":\"xlarge\"}},{\"type\":\"headline\",\"props\":{\"content\":\"Cinesiter\\u00e0pia o ter\\u00e0pia a trav\\u00e9s del moviment, actiu o passiu\",\"margin\":\"medium\",\"title_decoration\":\"bullet\",\"title_element\":\"h3\",\"title_style\":\"h5\"}},{\"type\":\"headline\",\"props\":{\"content\":\"Manipulaci\\u00f3 vertebral i de les articulacions terap\\u00e8utiques\",\"margin\":\"medium\",\"margin_remove_bottom\":false,\"margin_remove_top\":false,\"title_decoration\":\"bullet\",\"title_element\":\"h3\",\"title_style\":\"h5\"}},{\"type\":\"headline\",\"props\":{\"content\":\"Embenat funcional o neuromuscular (kinesiotaping)\",\"margin\":\"medium\",\"title_decoration\":\"bullet\",\"title_element\":\"h3\",\"title_style\":\"h5\"}},{\"type\":\"headline\",\"props\":{\"content\":\"Estiraments anal\\u00edtics\",\"margin\":\"medium\",\"margin_remove_bottom\":false,\"margin_remove_top\":false,\"title_decoration\":\"bullet\",\"title_element\":\"h3\",\"title_style\":\"h5\"}},{\"type\":\"headline\",\"props\":{\"content\":\"Exercicis terap\\u00e8utics\",\"margin\":\"medium\",\"title_decoration\":\"bullet\",\"title_element\":\"h3\",\"title_style\":\"h5\"}},{\"type\":\"headline\",\"props\":{\"content\":\"Mobilitzacions articulars, neuromen\\u00edngees, fascials i viscerals\",\"margin\":\"medium\",\"title_decoration\":\"bullet\",\"title_element\":\"h3\",\"title_style\":\"h5\"}},{\"type\":\"headline\",\"props\":{\"content\":\"M\\u00e8todes manuals de reeducaci\\u00f3 del t\\u00f2 postural\",\"margin\":\"medium\",\"title_decoration\":\"bullet\",\"title_element\":\"h3\",\"title_style\":\"h5\"}}]},{\"type\":\"column\",\"props\":{\"image_position\":\"center-center\",\"position_sticky_breakpoint\":\"m\",\"width_medium\":\"1-2\"},\"children\":[{\"type\":\"headline\",\"props\":{\"content\":\"<strong>Tecnologies sanit\\u00e0ries de suport<\\\/strong>\",\"margin\":\"large\",\"margin_remove_bottom\":true,\"title_decoration\":\"bullet\",\"title_element\":\"h3\",\"title_style\":\"h5\"}},{\"type\":\"list\",\"props\":{\"column_breakpoint\":\"m\",\"image_align\":\"left\",\"image_svg_color\":\"emphasis\",\"image_vertical_align\":true,\"list_element\":\"ul\",\"list_horizontal_separator\":\", \",\"list_marker\":\"bullet\",\"list_type\":\"vertical\",\"show_image\":true,\"show_link\":true},\"children\":[{\"type\":\"list_item\",\"props\":{\"content\":\"\n\n<p><strong>Electroter\\u00e0pia:<\\\/strong> aplicaci\\u00f3 de corrents el\\u00e8ctriques<\\\/p>\"}},{\"type\":\"list_item\",\"props\":{\"content\":\"\n\n<p><strong>Termoter\\u00e0pia:<\\\/strong> terapia mitjan\\u00e7ant calor<\\\/p>\"}},{\"type\":\"list_item\",\"props\":{\"content\":\"\n\n<p><strong>Mecanoter\\u00e0pia:<\\\/strong> ter\\u00e0pia mitjan\\u00e7ant enginys mec\\u00e0nics<\\\/p>\"}},{\"type\":\"list_item\",\"props\":{\"content\":\"\n\n<p><strong>Magnetoter\\u00e0pia:<\\\/strong> ter\\u00e0pia mitjan\\u00e7ant camps electromagn\\u00e8tics<\\\/p>\"}},{\"type\":\"list_item\",\"props\":{\"content\":\"\n\n<p><strong>Efecte biofeedback<\\\/strong><\\\/p>\"}},{\"type\":\"list_item\",\"props\":{\"content\":\"\n\n<p><strong>Indiba Activ Terapia<\\\/strong><\\\/p>\",\"link\":\"que-utilitzem\\\/indiba-activ-terapia\\\/\"}}]}]}]},{\"type\":\"row\",\"children\":[{\"type\":\"column\",\"props\":{\"image_position\":\"center-center\",\"position_sticky_breakpoint\":\"m\"},\"children\":[{\"type\":\"divider\",\"props\":{\"divider_element\":\"hr\",\"divider_style\":\"icon\"}}]}]}]}],\"version\":\"4.3.13\"} --><\/p>\n","protected":false},"excerpt":{"rendered":"<p>Fisioter\u00e0pia Ajuda a prevenir, resoldre i recuperar diferents lesions La fisioter\u00e0pia es una disciplina de la salut que ajuda a millorar els s\u00edntomes de moltes dol\u00e8ncies tan agudes com cr\u00f2niques. L\u2019objectiu es prevenir, curar i recuperar per mitj\u00e0 de l\u2019actuaci\u00f3 i t\u00e8cniques pr\u00f2pies de la fisioter\u00e0pia. En primer lloc es realitzar\u00e0 una hist\u00f2ria cl\u00ednica per [&hellip;]<\/p>\n","protected":false},"author":1,"featured_media":1121,"parent":1095,"menu_order":0,"comment_status":"closed","ping_status":"closed","template":"","meta":{"footnotes":""},"class_list":["post-1186","page","type-page","status-publish","has-post-thumbnail","hentry"],"yoast_head":"<!-- This site is optimized with the Yoast SEO plugin v26.1.1 - https:\/\/yoast.com\/wordpress\/plugins\/seo\/ -->\n<title>Fisioter\u00e0pia - Fisioter\u00e0pia Mireia Vidal<\/title>\n<meta name=\"robots\" content=\"index, follow, max-snippet:-1, max-image-preview:large, max-video-preview:-1\" \/>\n<link rel=\"canonical\" href=\"https:\/\/fisioterapiamireiavidal.com\/ca\/que-utilitzem\/fisioterapia\/\" \/>\n<meta property=\"og:locale\" content=\"ca_ES\" \/>\n<meta property=\"og:type\" content=\"article\" \/>\n<meta property=\"og:title\" content=\"Fisioter\u00e0pia - Fisioter\u00e0pia Mireia Vidal\" \/>\n<meta property=\"og:description\" content=\"Fisioter\u00e0pia Ajuda a prevenir, resoldre i recuperar diferents lesions La fisioter\u00e0pia es una disciplina de la salut que ajuda a millorar els s\u00edntomes de moltes dol\u00e8ncies tan agudes com cr\u00f2niques. L\u2019objectiu es prevenir, curar i recuperar per mitj\u00e0 de l\u2019actuaci\u00f3 i t\u00e8cniques pr\u00f2pies de la fisioter\u00e0pia. En primer lloc es realitzar\u00e0 una hist\u00f2ria cl\u00ednica per [&hellip;]\" \/>\n<meta property=\"og:url\" content=\"https:\/\/fisioterapiamireiavidal.com\/ca\/que-utilitzem\/fisioterapia\/\" \/>\n<meta property=\"og:site_name\" content=\"Fisioter\u00e0pia Mireia Vidal\" \/>\n<meta property=\"article:modified_time\" content=\"2024-05-16T11:18:43+00:00\" \/>\n<meta property=\"og:image\" content=\"https:\/\/fisioterapiamireiavidal.com\/wp-content\/uploads\/physio-services-01.jpg\" \/>\n\t<meta property=\"og:image:width\" content=\"1218\" \/>\n\t<meta property=\"og:image:height\" content=\"840\" \/>\n\t<meta property=\"og:image:type\" content=\"image\/jpeg\" \/>\n<meta name=\"twitter:card\" content=\"summary_large_image\" \/>\n<meta name=\"twitter:label1\" content=\"Temps estimat de lectura\" \/>\n\t<meta name=\"twitter:data1\" content=\"1 minut\" \/>\n<script type=\"application\/ld+json\" class=\"yoast-schema-graph\">{\"@context\":\"https:\/\/schema.org\",\"@graph\":[{\"@type\":\"WebPage\",\"@id\":\"https:\/\/fisioterapiamireiavidal.com\/ca\/que-utilitzem\/fisioterapia\/\",\"url\":\"https:\/\/fisioterapiamireiavidal.com\/ca\/que-utilitzem\/fisioterapia\/\",\"name\":\"Fisioter\u00e0pia - Fisioter\u00e0pia Mireia Vidal\",\"isPartOf\":{\"@id\":\"https:\/\/fisioterapiamireiavidal.com\/ca\/#website\"},\"primaryImageOfPage\":{\"@id\":\"https:\/\/fisioterapiamireiavidal.com\/ca\/que-utilitzem\/fisioterapia\/#primaryimage\"},\"image\":{\"@id\":\"https:\/\/fisioterapiamireiavidal.com\/ca\/que-utilitzem\/fisioterapia\/#primaryimage\"},\"thumbnailUrl\":\"https:\/\/fisioterapiamireiavidal.com\/wp-content\/uploads\/physio-services-01.jpg\",\"datePublished\":\"2024-05-13T13:16:09+00:00\",\"dateModified\":\"2024-05-16T11:18:43+00:00\",\"breadcrumb\":{\"@id\":\"https:\/\/fisioterapiamireiavidal.com\/ca\/que-utilitzem\/fisioterapia\/#breadcrumb\"},\"inLanguage\":\"ca\",\"potentialAction\":[{\"@type\":\"ReadAction\",\"target\":[\"https:\/\/fisioterapiamireiavidal.com\/ca\/que-utilitzem\/fisioterapia\/\"]}]},{\"@type\":\"ImageObject\",\"inLanguage\":\"ca\",\"@id\":\"https:\/\/fisioterapiamireiavidal.com\/ca\/que-utilitzem\/fisioterapia\/#primaryimage\",\"url\":\"https:\/\/fisioterapiamireiavidal.com\/wp-content\/uploads\/physio-services-01.jpg\",\"contentUrl\":\"https:\/\/fisioterapiamireiavidal.com\/wp-content\/uploads\/physio-services-01.jpg\",\"width\":1218,\"height\":840,\"caption\":\"Fisioterapeuta aplicant un tractament de fisioter\u00e0pia a un pacient.\"},{\"@type\":\"BreadcrumbList\",\"@id\":\"https:\/\/fisioterapiamireiavidal.com\/ca\/que-utilitzem\/fisioterapia\/#breadcrumb\",\"itemListElement\":[{\"@type\":\"ListItem\",\"position\":1,\"name\":\"Inici\",\"item\":\"https:\/\/fisioterapiamireiavidal.com\/ca\/\"},{\"@type\":\"ListItem\",\"position\":2,\"name\":\"Qu\u00e8 utilitzem\",\"item\":\"https:\/\/fisioterapiamireiavidal.com\/ca\/que-utilitzem\/\"},{\"@type\":\"ListItem\",\"position\":3,\"name\":\"Fisioter\u00e0pia\"}]},{\"@type\":\"WebSite\",\"@id\":\"https:\/\/fisioterapiamireiavidal.com\/ca\/#website\",\"url\":\"https:\/\/fisioterapiamireiavidal.com\/ca\/\",\"name\":\"Fisioter\u00e0pia Mireia Vidal\",\"description\":\"Oferim tractaments personalitzats, ideats i duts a terme per fisioterapeutes col\u2022legiats.\",\"publisher\":{\"@id\":\"https:\/\/fisioterapiamireiavidal.com\/ca\/#organization\"},\"potentialAction\":[{\"@type\":\"SearchAction\",\"target\":{\"@type\":\"EntryPoint\",\"urlTemplate\":\"https:\/\/fisioterapiamireiavidal.com\/ca\/?s={search_term_string}\"},\"query-input\":{\"@type\":\"PropertyValueSpecification\",\"valueRequired\":true,\"valueName\":\"search_term_string\"}}],\"inLanguage\":\"ca\"},{\"@type\":\"Organization\",\"@id\":\"https:\/\/fisioterapiamireiavidal.com\/ca\/#organization\",\"name\":\"Fisioter\u00e0pia Mireia Vidal\",\"url\":\"https:\/\/fisioterapiamireiavidal.com\/ca\/\",\"logo\":{\"@type\":\"ImageObject\",\"inLanguage\":\"ca\",\"@id\":\"https:\/\/fisioterapiamireiavidal.com\/ca\/#\/schema\/logo\/image\/\",\"url\":\"https:\/\/fisioterapiamireiavidal.com\/wp-content\/uploads\/2024\/05\/logo_mireiavidal_vertical.svg\",\"contentUrl\":\"https:\/\/fisioterapiamireiavidal.com\/wp-content\/uploads\/2024\/05\/logo_mireiavidal_vertical.svg\",\"width\":1,\"height\":1,\"caption\":\"Fisioter\u00e0pia Mireia Vidal\"},\"image\":{\"@id\":\"https:\/\/fisioterapiamireiavidal.com\/ca\/#\/schema\/logo\/image\/\"}}]}<\/script>\n<!-- \/ Yoast SEO plugin. -->","yoast_head_json":{"title":"Fisioter\u00e0pia - Fisioter\u00e0pia Mireia Vidal","robots":{"index":"index","follow":"follow","max-snippet":"max-snippet:-1","max-image-preview":"max-image-preview:large","max-video-preview":"max-video-preview:-1"},"canonical":"https:\/\/fisioterapiamireiavidal.com\/ca\/que-utilitzem\/fisioterapia\/","og_locale":"ca_ES","og_type":"article","og_title":"Fisioter\u00e0pia - Fisioter\u00e0pia Mireia Vidal","og_description":"Fisioter\u00e0pia Ajuda a prevenir, resoldre i recuperar diferents lesions La fisioter\u00e0pia es una disciplina de la salut que ajuda a millorar els s\u00edntomes de moltes dol\u00e8ncies tan agudes com cr\u00f2niques. L\u2019objectiu es prevenir, curar i recuperar per mitj\u00e0 de l\u2019actuaci\u00f3 i t\u00e8cniques pr\u00f2pies de la fisioter\u00e0pia. En primer lloc es realitzar\u00e0 una hist\u00f2ria cl\u00ednica per [&hellip;]","og_url":"https:\/\/fisioterapiamireiavidal.com\/ca\/que-utilitzem\/fisioterapia\/","og_site_name":"Fisioter\u00e0pia Mireia Vidal","article_modified_time":"2024-05-16T11:18:43+00:00","og_image":[{"width":1218,"height":840,"url":"https:\/\/fisioterapiamireiavidal.com\/wp-content\/uploads\/physio-services-01.jpg","type":"image\/jpeg"}],"twitter_card":"summary_large_image","twitter_misc":{"Temps estimat de lectura":"1 minut"},"schema":{"@context":"https:\/\/schema.org","@graph":[{"@type":"WebPage","@id":"https:\/\/fisioterapiamireiavidal.com\/ca\/que-utilitzem\/fisioterapia\/","url":"https:\/\/fisioterapiamireiavidal.com\/ca\/que-utilitzem\/fisioterapia\/","name":"Fisioter\u00e0pia - Fisioter\u00e0pia Mireia Vidal","isPartOf":{"@id":"https:\/\/fisioterapiamireiavidal.com\/ca\/#website"},"primaryImageOfPage":{"@id":"https:\/\/fisioterapiamireiavidal.com\/ca\/que-utilitzem\/fisioterapia\/#primaryimage"},"image":{"@id":"https:\/\/fisioterapiamireiavidal.com\/ca\/que-utilitzem\/fisioterapia\/#primaryimage"},"thumbnailUrl":"https:\/\/fisioterapiamireiavidal.com\/wp-content\/uploads\/physio-services-01.jpg","datePublished":"2024-05-13T13:16:09+00:00","dateModified":"2024-05-16T11:18:43+00:00","breadcrumb":{"@id":"https:\/\/fisioterapiamireiavidal.com\/ca\/que-utilitzem\/fisioterapia\/#breadcrumb"},"inLanguage":"ca","potentialAction":[{"@type":"ReadAction","target":["https:\/\/fisioterapiamireiavidal.com\/ca\/que-utilitzem\/fisioterapia\/"]}]},{"@type":"ImageObject","inLanguage":"ca","@id":"https:\/\/fisioterapiamireiavidal.com\/ca\/que-utilitzem\/fisioterapia\/#primaryimage","url":"https:\/\/fisioterapiamireiavidal.com\/wp-content\/uploads\/physio-services-01.jpg","contentUrl":"https:\/\/fisioterapiamireiavidal.com\/wp-content\/uploads\/physio-services-01.jpg","width":1218,"height":840,"caption":"Fisioterapeuta aplicant un tractament de fisioter\u00e0pia a un pacient."},{"@type":"BreadcrumbList","@id":"https:\/\/fisioterapiamireiavidal.com\/ca\/que-utilitzem\/fisioterapia\/#breadcrumb","itemListElement":[{"@type":"ListItem","position":1,"name":"Inici","item":"https:\/\/fisioterapiamireiavidal.com\/ca\/"},{"@type":"ListItem","position":2,"name":"Qu\u00e8 utilitzem","item":"https:\/\/fisioterapiamireiavidal.com\/ca\/que-utilitzem\/"},{"@type":"ListItem","position":3,"name":"Fisioter\u00e0pia"}]},{"@type":"WebSite","@id":"https:\/\/fisioterapiamireiavidal.com\/ca\/#website","url":"https:\/\/fisioterapiamireiavidal.com\/ca\/","name":"Fisioter\u00e0pia Mireia Vidal","description":"Oferim tractaments personalitzats, ideats i duts a terme per fisioterapeutes col\u2022legiats.","publisher":{"@id":"https:\/\/fisioterapiamireiavidal.com\/ca\/#organization"},"potentialAction":[{"@type":"SearchAction","target":{"@type":"EntryPoint","urlTemplate":"https:\/\/fisioterapiamireiavidal.com\/ca\/?s={search_term_string}"},"query-input":{"@type":"PropertyValueSpecification","valueRequired":true,"valueName":"search_term_string"}}],"inLanguage":"ca"},{"@type":"Organization","@id":"https:\/\/fisioterapiamireiavidal.com\/ca\/#organization","name":"Fisioter\u00e0pia Mireia Vidal","url":"https:\/\/fisioterapiamireiavidal.com\/ca\/","logo":{"@type":"ImageObject","inLanguage":"ca","@id":"https:\/\/fisioterapiamireiavidal.com\/ca\/#\/schema\/logo\/image\/","url":"https:\/\/fisioterapiamireiavidal.com\/wp-content\/uploads\/2024\/05\/logo_mireiavidal_vertical.svg","contentUrl":"https:\/\/fisioterapiamireiavidal.com\/wp-content\/uploads\/2024\/05\/logo_mireiavidal_vertical.svg","width":1,"height":1,"caption":"Fisioter\u00e0pia Mireia Vidal"},"image":{"@id":"https:\/\/fisioterapiamireiavidal.com\/ca\/#\/schema\/logo\/image\/"}}]}},"_links":{"self":[{"href":"https:\/\/fisioterapiamireiavidal.com\/ca\/wp-json\/wp\/v2\/pages\/1186","targetHints":{"allow":["GET"]}}],"collection":[{"href":"https:\/\/fisioterapiamireiavidal.com\/ca\/wp-json\/wp\/v2\/pages"}],"about":[{"href":"https:\/\/fisioterapiamireiavidal.com\/ca\/wp-json\/wp\/v2\/types\/page"}],"author":[{"embeddable":true,"href":"https:\/\/fisioterapiamireiavidal.com\/ca\/wp-json\/wp\/v2\/users\/1"}],"replies":[{"embeddable":true,"href":"https:\/\/fisioterapiamireiavidal.com\/ca\/wp-json\/wp\/v2\/comments?post=1186"}],"version-history":[{"count":30,"href":"https:\/\/fisioterapiamireiavidal.com\/ca\/wp-json\/wp\/v2\/pages\/1186\/revisions"}],"predecessor-version":[{"id":1648,"href":"https:\/\/fisioterapiamireiavidal.com\/ca\/wp-json\/wp\/v2\/pages\/1186\/revisions\/1648"}],"up":[{"embeddable":true,"href":"https:\/\/fisioterapiamireiavidal.com\/ca\/wp-json\/wp\/v2\/pages\/1095"}],"wp:featuredmedia":[{"embeddable":true,"href":"https:\/\/fisioterapiamireiavidal.com\/ca\/wp-json\/wp\/v2\/media\/1121"}],"wp:attachment":[{"href":"https:\/\/fisioterapiamireiavidal.com\/ca\/wp-json\/wp\/v2\/media?parent=1186"}],"curies":[{"name":"wp","href":"https:\/\/api.w.org\/{rel}","templated":true}]}}